{"id":2530,"date":"2023-06-28T15:34:24","date_gmt":"2023-06-28T20:34:24","guid":{"rendered":"https:\/\/kanacec.com\/?post_type=product&#038;p=2530"},"modified":"2023-10-14T11:10:55","modified_gmt":"2023-10-14T16:10:55","slug":"slim-wallet-cuero-premium","status":"publish","type":"product","link":"https:\/\/kanacec.com\/index.php\/product\/slim-wallet-cuero-premium\/","title":{"rendered":"SLIM WALLET CUERO 5 (bolsillos)"},"content":{"rendered":"<ul>\n<li>Una billetera inteligente de cuero premium<\/li>\n<li>Perfecta para almacenamiento delgado y acceso r\u00e1pido a las tarjetas<\/li>\n<li>\u00a0 El tarjetero de aluminio incorporado despliega sus tarjetas con solo hacer clic en un bot\u00f3n y las protege contra robos.<\/li>\n<li>Formas minimalistas y florales textiles<\/li>\n<li>PERSONALIZA TU NOMBRE ( costo adicional)<\/li>\n<\/ul>\n","protected":false},"excerpt":{"rendered":"<p>&nbsp;<\/p>\n<ul>\n<li>Dise\u00f1o delgado y minimalista<\/li>\n<li>Tecnolog\u00eda RFID anti-clonaci\u00f3n de tarjetas<\/li>\n<li>3 bolsillos internos<\/li>\n<li>2 bolsillos externos delantero y posterior<\/li>\n<li>Sujetador posterior expandible para billetes o tarjetas<\/li>\n<li>Capacidad total 12-18 tarjetas<\/li>\n<li>Material cuero leg\u00edtimo calidad PREMIUM<\/li>\n<li>Medidas 6,7*10,4*1,4 cm<\/li>\n<li>PERSONALIZA TU NOMBRE ( costo adicional)<\/li>\n<\/ul>\n","protected":false},"featured_media":2570,"template":"","meta":{"_uag_custom_page_level_css":"","site-sidebar-layout":"default","site-content-layout":"default","ast-site-content-layout":"default","site-content-style":"default","site-sidebar-style":"default","ast-global-header-display":"","ast-banner-title-visibility":"","ast-main-header-display":"","ast-hfb-above-header-display":"","ast-hfb-below-header-display":"","ast-hfb-mobile-header-display":"","site-post-title":"","ast-breadcrumbs-content":"","ast-featured-img":"","footer-sml-layout":"","theme-transparent-header-meta":"default","adv-header-id-meta":"","stick-header-meta":"","header-above-stick-meta":"","header-main-stick-meta":"","header-below-stick-meta":"","astra-migrate-meta-layouts":"default","ast-page-background-enabled":"default","ast-page-background-meta":{"desktop":{"background-color":"var(--ast-global-color-4)","background-image":"","background-repeat":"repeat","background-position":"center center","background-size":"auto","background-attachment":"scroll","background-type":"","background-media":"","overlay-type":"","overlay-color":"","overlay-opacity":"","overlay-gradient":""},"tablet":{"background-color":"","background-image":"","background-repeat":"repeat","background-position":"center center","background-size":"auto","background-attachment":"scroll","background-type":"","background-media":"","overlay-type":"","overlay-color":"","overlay-opacity":"","overlay-gradient":""},"mobile":{"background-color":"","background-image":"","background-repeat":"repeat","background-position":"center center","background-size":"auto","background-attachment":"scroll","background-type":"","background-media":"","overlay-type":"","overlay-color":"","overlay-opacity":"","overlay-gradient":""}},"ast-content-background-meta":{"desktop":{"background-color":"var(--ast-global-color-5)","background-image":"","background-repeat":"repeat","background-position":"center center","background-size":"auto","background-attachment":"scroll","background-type":"","background-media":"","overlay-type":"","overlay-color":"","overlay-opacity":"","overlay-gradient":""},"tablet":{"background-color":"var(--ast-global-color-5)","background-image":"","background-repeat":"repeat","background-position":"center center","background-size":"auto","background-attachment":"scroll","background-type":"","background-media":"","overlay-type":"","overlay-color":"","overlay-opacity":"","overlay-gradient":""},"mobile":{"background-color":"var(--ast-global-color-5)","background-image":"","background-repeat":"repeat","background-position":"center center","background-size":"auto","background-attachment":"scroll","background-type":"","background-media":"","overlay-type":"","overlay-color":"","overlay-opacity":"","overlay-gradient":""}}},"product_cat":[68],"product_tag":[],"class_list":["post-2530","product","type-product","status-publish","has-post-thumbnail","hentry","product_cat-slim-wallet-cuero","desktop-align-left","tablet-align-left","mobile-align-left"],"yoast_head":"<!-- This site is optimized with the Yoast SEO plugin v20.8 - https:\/\/yoast.com\/wordpress\/plugins\/seo\/ -->\n<title>SLIM WALLET CUERO 5 (bolsillos) - kanacec.com<\/title>\n<meta name=\"robots\" content=\"index, follow, max-snippet:-1, max-image-preview:large, max-video-preview:-1\" \/>\n<link rel=\"canonical\" href=\"https:\/\/kanacec.com\/index.php\/product\/slim-wallet-cuero-premium\/\" \/>\n<meta property=\"og:locale\" content=\"en_US\" \/>\n<meta property=\"og:type\" content=\"article\" \/>\n<meta property=\"og:title\" content=\"SLIM WALLET CUERO 5 (bolsillos) - kanacec.com\" \/>\n<meta property=\"og:description\" content=\"&nbsp;   Dise\u00f1o delgado y minimalista  Tecnolog\u00eda RFID anti-clonaci\u00f3n de tarjetas  3 bolsillos internos  2 bolsillos externos delantero y posterior  Sujetador posterior expandible para billetes o tarjetas  Capacidad total 12-18 tarjetas  Material cuero leg\u00edtimo calidad PREMIUM  Medidas 6,7*10,4*1,4 cm  PERSONALIZA TU NOMBRE ( costo adicional)\" \/>\n<meta property=\"og:url\" content=\"https:\/\/kanacec.com\/index.php\/product\/slim-wallet-cuero-premium\/\" \/>\n<meta property=\"og:site_name\" content=\"kanacec.com\" \/>\n<meta property=\"article:modified_time\" content=\"2023-10-14T16:10:55+00:00\" \/>\n<meta property=\"og:image\" content=\"http:\/\/kanacec.com\/wp-content\/uploads\/2023\/06\/CUERO-NEGRO-SLIM-WALLET-KANAC-BOLSILLOS-5_.jpg\" \/>\n\t<meta property=\"og:image:width\" content=\"1080\" \/>\n\t<meta property=\"og:image:height\" content=\"1080\" \/>\n\t<meta property=\"og:image:type\" content=\"image\/jpeg\" \/>\n<meta name=\"twitter:card\" content=\"summary_large_image\" \/>\n<meta name=\"twitter:label1\" content=\"Est. reading time\" \/>\n\t<meta name=\"twitter:data1\" content=\"1 minute\" \/>\n<script type=\"application\/ld+json\" class=\"yoast-schema-graph\">{\"@context\":\"https:\/\/schema.org\",\"@graph\":[{\"@type\":\"WebPage\",\"@id\":\"https:\/\/kanacec.com\/index.php\/product\/slim-wallet-cuero-premium\/\",\"url\":\"https:\/\/kanacec.com\/index.php\/product\/slim-wallet-cuero-premium\/\",\"name\":\"SLIM WALLET CUERO 5 (bolsillos) - kanacec.com\",\"isPartOf\":{\"@id\":\"https:\/\/kanacec.com\/#website\"},\"datePublished\":\"2023-06-28T20:34:24+00:00\",\"dateModified\":\"2023-10-14T16:10:55+00:00\",\"breadcrumb\":{\"@id\":\"https:\/\/kanacec.com\/index.php\/product\/slim-wallet-cuero-premium\/#breadcrumb\"},\"inLanguage\":\"en-US\",\"potentialAction\":[{\"@type\":\"ReadAction\",\"target\":[\"https:\/\/kanacec.com\/index.php\/product\/slim-wallet-cuero-premium\/\"]}]},{\"@type\":\"BreadcrumbList\",\"@id\":\"https:\/\/kanacec.com\/index.php\/product\/slim-wallet-cuero-premium\/#breadcrumb\",\"itemListElement\":[{\"@type\":\"ListItem\",\"position\":1,\"name\":\"Inicio\",\"item\":\"https:\/\/kanacec.com\/\"},{\"@type\":\"ListItem\",\"position\":2,\"name\":\"TIENDA\",\"item\":\"https:\/\/kanacec.com\/index.php\/shop\/\"},{\"@type\":\"ListItem\",\"position\":3,\"name\":\"SLIM WALLET CUERO 5 (bolsillos)\"}]},{\"@type\":\"WebSite\",\"@id\":\"https:\/\/kanacec.com\/#website\",\"url\":\"https:\/\/kanacec.com\/\",\"name\":\"kanacec.com\",\"description\":\"\",\"publisher\":{\"@id\":\"https:\/\/kanacec.com\/#organization\"},\"potentialAction\":[{\"@type\":\"SearchAction\",\"target\":{\"@type\":\"EntryPoint\",\"urlTemplate\":\"https:\/\/kanacec.com\/?s={search_term_string}\"},\"query-input\":\"required name=search_term_string\"}],\"inLanguage\":\"en-US\"},{\"@type\":\"Organization\",\"@id\":\"https:\/\/kanacec.com\/#organization\",\"name\":\"kanacec.com\",\"url\":\"https:\/\/kanacec.com\/\",\"logo\":{\"@type\":\"ImageObject\",\"inLanguage\":\"en-US\",\"@id\":\"https:\/\/kanacec.com\/#\/schema\/logo\/image\/\",\"url\":\"https:\/\/kanacec.com\/wp-content\/uploads\/2023\/05\/logo-letras-blancas_Mesa-de-trabajo-1.png\",\"contentUrl\":\"https:\/\/kanacec.com\/wp-content\/uploads\/2023\/05\/logo-letras-blancas_Mesa-de-trabajo-1.png\",\"width\":750,\"height\":250,\"caption\":\"kanacec.com\"},\"image\":{\"@id\":\"https:\/\/kanacec.com\/#\/schema\/logo\/image\/\"}}]}<\/script>\n<!-- \/ Yoast SEO plugin. -->","yoast_head_json":{"title":"SLIM WALLET CUERO 5 (bolsillos) - kanacec.com","robots":{"index":"index","follow":"follow","max-snippet":"max-snippet:-1","max-image-preview":"max-image-preview:large","max-video-preview":"max-video-preview:-1"},"canonical":"https:\/\/kanacec.com\/index.php\/product\/slim-wallet-cuero-premium\/","og_locale":"en_US","og_type":"article","og_title":"SLIM WALLET CUERO 5 (bolsillos) - kanacec.com","og_description":"&nbsp;   Dise\u00f1o delgado y minimalista  Tecnolog\u00eda RFID anti-clonaci\u00f3n de tarjetas  3 bolsillos internos  2 bolsillos externos delantero y posterior  Sujetador posterior expandible para billetes o tarjetas  Capacidad total 12-18 tarjetas  Material cuero leg\u00edtimo calidad PREMIUM  Medidas 6,7*10,4*1,4 cm  PERSONALIZA TU NOMBRE ( costo adicional)","og_url":"https:\/\/kanacec.com\/index.php\/product\/slim-wallet-cuero-premium\/","og_site_name":"kanacec.com","article_modified_time":"2023-10-14T16:10:55+00:00","og_image":[{"width":1080,"height":1080,"url":"http:\/\/kanacec.com\/wp-content\/uploads\/2023\/06\/CUERO-NEGRO-SLIM-WALLET-KANAC-BOLSILLOS-5_.jpg","type":"image\/jpeg"}],"twitter_card":"summary_large_image","twitter_misc":{"Est. reading time":"1 minute"},"schema":{"@context":"https:\/\/schema.org","@graph":[{"@type":"WebPage","@id":"https:\/\/kanacec.com\/index.php\/product\/slim-wallet-cuero-premium\/","url":"https:\/\/kanacec.com\/index.php\/product\/slim-wallet-cuero-premium\/","name":"SLIM WALLET CUERO 5 (bolsillos) - kanacec.com","isPartOf":{"@id":"https:\/\/kanacec.com\/#website"},"datePublished":"2023-06-28T20:34:24+00:00","dateModified":"2023-10-14T16:10:55+00:00","breadcrumb":{"@id":"https:\/\/kanacec.com\/index.php\/product\/slim-wallet-cuero-premium\/#breadcrumb"},"inLanguage":"en-US","potentialAction":[{"@type":"ReadAction","target":["https:\/\/kanacec.com\/index.php\/product\/slim-wallet-cuero-premium\/"]}]},{"@type":"BreadcrumbList","@id":"https:\/\/kanacec.com\/index.php\/product\/slim-wallet-cuero-premium\/#breadcrumb","itemListElement":[{"@type":"ListItem","position":1,"name":"Inicio","item":"https:\/\/kanacec.com\/"},{"@type":"ListItem","position":2,"name":"TIENDA","item":"https:\/\/kanacec.com\/index.php\/shop\/"},{"@type":"ListItem","position":3,"name":"SLIM WALLET CUERO 5 (bolsillos)"}]},{"@type":"WebSite","@id":"https:\/\/kanacec.com\/#website","url":"https:\/\/kanacec.com\/","name":"kanacec.com","description":"","publisher":{"@id":"https:\/\/kanacec.com\/#organization"},"potentialAction":[{"@type":"SearchAction","target":{"@type":"EntryPoint","urlTemplate":"https:\/\/kanacec.com\/?s={search_term_string}"},"query-input":"required name=search_term_string"}],"inLanguage":"en-US"},{"@type":"Organization","@id":"https:\/\/kanacec.com\/#organization","name":"kanacec.com","url":"https:\/\/kanacec.com\/","logo":{"@type":"ImageObject","inLanguage":"en-US","@id":"https:\/\/kanacec.com\/#\/schema\/logo\/image\/","url":"https:\/\/kanacec.com\/wp-content\/uploads\/2023\/05\/logo-letras-blancas_Mesa-de-trabajo-1.png","contentUrl":"https:\/\/kanacec.com\/wp-content\/uploads\/2023\/05\/logo-letras-blancas_Mesa-de-trabajo-1.png","width":750,"height":250,"caption":"kanacec.com"},"image":{"@id":"https:\/\/kanacec.com\/#\/schema\/logo\/image\/"}}]}},"uagb_featured_image_src":{"full":["https:\/\/kanacec.com\/wp-content\/uploads\/2023\/06\/CUERO-NEGRO-SLIM-WALLET-KANAC-BOLSILLOS-5_.jpg",1080,1080,false],"thumbnail":["https:\/\/kanacec.com\/wp-content\/uploads\/2023\/06\/CUERO-NEGRO-SLIM-WALLET-KANAC-BOLSILLOS-5_-150x150.jpg",150,150,true],"medium":["https:\/\/kanacec.com\/wp-content\/uploads\/2023\/06\/CUERO-NEGRO-SLIM-WALLET-KANAC-BOLSILLOS-5_-300x300.jpg",300,300,true],"medium_large":["https:\/\/kanacec.com\/wp-content\/uploads\/2023\/06\/CUERO-NEGRO-SLIM-WALLET-KANAC-BOLSILLOS-5_-768x768.jpg",768,768,true],"large":["https:\/\/kanacec.com\/wp-content\/uploads\/2023\/06\/CUERO-NEGRO-SLIM-WALLET-KANAC-BOLSILLOS-5_-1024x1024.jpg",1024,1024,true],"1536x1536":["https:\/\/kanacec.com\/wp-content\/uploads\/2023\/06\/CUERO-NEGRO-SLIM-WALLET-KANAC-BOLSILLOS-5_.jpg",1080,1080,false],"2048x2048":["https:\/\/kanacec.com\/wp-content\/uploads\/2023\/06\/CUERO-NEGRO-SLIM-WALLET-KANAC-BOLSILLOS-5_.jpg",1080,1080,false],"woocommerce_thumbnail":["https:\/\/kanacec.com\/wp-content\/uploads\/2023\/06\/CUERO-NEGRO-SLIM-WALLET-KANAC-BOLSILLOS-5_-300x300.jpg",300,300,true],"woocommerce_single":["https:\/\/kanacec.com\/wp-content\/uploads\/2023\/06\/CUERO-NEGRO-SLIM-WALLET-KANAC-BOLSILLOS-5_-600x600.jpg",600,600,true],"woocommerce_gallery_thumbnail":["https:\/\/kanacec.com\/wp-content\/uploads\/2023\/06\/CUERO-NEGRO-SLIM-WALLET-KANAC-BOLSILLOS-5_-100x100.jpg",100,100,true]},"uagb_author_info":{"display_name":"JUAN","author_link":"https:\/\/kanacec.com\/index.php\/author\/"},"uagb_comment_info":0,"uagb_excerpt":"&nbsp; Dise\u00f1o delgado y minimalista Tecnolog\u00eda RFID anti-clonaci\u00f3n de tarjetas 3 bolsillos internos 2 bolsillos externos delantero y posterior Sujetador posterior expandible para billetes o tarjetas Capacidad total 12-18 tarjetas Material cuero leg\u00edtimo calidad PREMIUM Medidas 6,7*10,4*1,4 cm PERSONALIZA TU NOMBRE ( costo adicional)","_links":{"self":[{"href":"https:\/\/kanacec.com\/index.php\/wp-json\/wp\/v2\/product\/2530","targetHints":{"allow":["GET"]}}],"collection":[{"href":"https:\/\/kanacec.com\/index.php\/wp-json\/wp\/v2\/product"}],"about":[{"href":"https:\/\/kanacec.com\/index.php\/wp-json\/wp\/v2\/types\/product"}],"wp:featuredmedia":[{"embeddable":true,"href":"https:\/\/kanacec.com\/index.php\/wp-json\/wp\/v2\/media\/2570"}],"wp:attachment":[{"href":"https:\/\/kanacec.com\/index.php\/wp-json\/wp\/v2\/media?parent=2530"}],"wp:term":[{"taxonomy":"product_cat","embeddable":true,"href":"https:\/\/kanacec.com\/index.php\/wp-json\/wp\/v2\/product_cat?post=2530"},{"taxonomy":"product_tag","embeddable":true,"href":"https:\/\/kanacec.com\/index.php\/wp-json\/wp\/v2\/product_tag?post=2530"}],"curies":[{"name":"wp","href":"https:\/\/api.w.org\/{rel}","templated":true}]}}