{"id":3,"date":"2023-05-23T16:33:10","date_gmt":"2023-05-23T21:33:10","guid":{"rendered":"http:\/\/kanacec.com\/?page_id=3"},"modified":"2023-05-30T19:46:20","modified_gmt":"2023-05-31T00:46:20","slug":"politica-privacidad","status":"publish","type":"page","link":"https:\/\/kanacec.com\/index.php\/politica-privacidad\/","title":{"rendered":"POL\u00cdTICAS DE PRIVACIDAD"},"content":{"rendered":"\n<p class=\"has-ast-global-color-2-color has-text-color\">Somos respetuosos de los datos personales e informaci\u00f3n que suministran nuestros clientes.&nbsp;<\/p>\n\n\n\n<p class=\"has-ast-global-color-5-background-color has-background\">La adquisici\u00f3n de los productos y servicios ofrecidos en alguno de nuestros puntos de venta o sitio virtual (en adelante, los Productos y Servicios) y\/o la aceptaci\u00f3n expresa o inequ\u00edvoca de las siguientes Pol\u00edtica de Privacidad y su autorizaci\u00f3n para los usos y otros tratamientos que aqu\u00ed se describen.<\/p>\n\n\n\n<p>Al navegar en nuestro sitio web, usted est\u00e1 aceptando, sin ninguna limitaci\u00f3n, los t\u00e9rminos y condiciones aqu\u00ed descritos. L\u00e9alos atentamente.<\/p>\n\n\n\n<p>La empresa solo usar\u00e1, procesar\u00e1 y circular\u00e1 los datos personales y otra informaci\u00f3n de los Titulares para las finalidades descritas y para los tratamientos autorizados en esta Pol\u00edtica de Privacidad o en las leyes vigentes.&nbsp;<\/p>\n\n\n\n<p>El titular expresamente autoriza a la&nbsp;Kanacec para la recolecci\u00f3n, uso y circulaci\u00f3n de sus datos personales y otra informaci\u00f3n para los siguientes prop\u00f3sitos y en las siguientes circunstancias:&nbsp;<\/p>\n\n\n\n<p>Toda la informaci\u00f3n personal que proporcione durante el proceso de compra, como: nombres, apellidos, direcci\u00f3n de correo electr\u00f3nico, n\u00famero de tel\u00e9fono, se utilizar\u00e1 \u00fanicamente para procesar y enviar sus pedidos<\/p>\n\n\n\n<p>Analizar la informaci\u00f3n de la Base de Datos para dise\u00f1ar estrategias comerciales y aumentar y\/o mejorar los Productos y Servicios que ofrece,<\/p>\n\n\n\n<p><strong class=\"privacy-policy-tutorial\">Sobre pagos con Tarjetas de cr\u00e9dito: <\/strong>Est\u00e1 encriptado a trav\u00e9s del Est\u00e1ndar de seguridad de datos de la industria de tarjetas de pago (PCI-DSS). Los datos de su transacci\u00f3n de compra se almacenan solo mientras sea necesario para completar su transacci\u00f3n de compra. Una vez que se completa, se elimina la informaci\u00f3n de su transacci\u00f3n de compra.<br>Todas las pasarelas de pago directo se adhieren a los est\u00e1ndares establecidos por PCI-DSS administrados por el PCI Security Standards Council, que es un esfuerzo conjunto de marcas como Visa, MasterCard, American Express y Discover.<\/p>\n","protected":false},"excerpt":{"rendered":"<p>Somos respetuosos de los datos personales e informaci\u00f3n que suministran nuestros clientes.&nbsp; La adquisici\u00f3n de los productos y servicios ofrecidos en alguno de nuestros puntos de venta o sitio virtual (en adelante, los Productos y Servicios) y\/o la aceptaci\u00f3n expresa o inequ\u00edvoca de las siguientes Pol\u00edtica de Privacidad y su autorizaci\u00f3n para los usos y [&hellip;]<\/p>\n","protected":false},"author":1,"featured_media":0,"parent":0,"menu_order":0,"comment_status":"closed","ping_status":"closed","template":"","meta":{"_uag_custom_page_level_css":"","site-sidebar-layout":"default","site-content-layout":"","ast-site-content-layout":"default","site-content-style":"default","site-sidebar-style":"default","ast-global-header-display":"","ast-banner-title-visibility":"","ast-main-header-display":"","ast-hfb-above-header-display":"","ast-hfb-below-header-display":"","ast-hfb-mobile-header-display":"","site-post-title":"","ast-breadcrumbs-content":"","ast-featured-img":"","footer-sml-layout":"","theme-transparent-header-meta":"","adv-header-id-meta":"","stick-header-meta":"","header-above-stick-meta":"","header-main-stick-meta":"","header-below-stick-meta":"","astra-migrate-meta-layouts":"default","ast-page-background-enabled":"default","ast-page-background-meta":{"desktop":{"background-color":"var(--ast-global-color-4)","background-image":"","background-repeat":"repeat","background-position":"center center","background-size":"auto","background-attachment":"scroll","background-type":"","background-media":"","overlay-type":"","overlay-color":"","overlay-opacity":"","overlay-gradient":""},"tablet":{"background-color":"","background-image":"","background-repeat":"repeat","background-position":"center center","background-size":"auto","background-attachment":"scroll","background-type":"","background-media":"","overlay-type":"","overlay-color":"","overlay-opacity":"","overlay-gradient":""},"mobile":{"background-color":"","background-image":"","background-repeat":"repeat","background-position":"center center","background-size":"auto","background-attachment":"scroll","background-type":"","background-media":"","overlay-type":"","overlay-color":"","overlay-opacity":"","overlay-gradient":""}},"ast-content-background-meta":{"desktop":{"background-color":"var(--ast-global-color-5)","background-image":"","background-repeat":"repeat","background-position":"center center","background-size":"auto","background-attachment":"scroll","background-type":"","background-media":"","overlay-type":"","overlay-color":"","overlay-opacity":"","overlay-gradient":""},"tablet":{"background-color":"var(--ast-global-color-5)","background-image":"","background-repeat":"repeat","background-position":"center center","background-size":"auto","background-attachment":"scroll","background-type":"","background-media":"","overlay-type":"","overlay-color":"","overlay-opacity":"","overlay-gradient":""},"mobile":{"background-color":"var(--ast-global-color-5)","background-image":"","background-repeat":"repeat","background-position":"center center","background-size":"auto","background-attachment":"scroll","background-type":"","background-media":"","overlay-type":"","overlay-color":"","overlay-opacity":"","overlay-gradient":""}},"footnotes":""},"class_list":["post-3","page","type-page","status-publish","hentry"],"yoast_head":"<!-- This site is optimized with the Yoast SEO plugin v20.8 - https:\/\/yoast.com\/wordpress\/plugins\/seo\/ -->\n<title>POL\u00cdTICAS DE PRIVACIDAD - kanacec.com<\/title>\n<meta name=\"robots\" content=\"index, follow, max-snippet:-1, max-image-preview:large, max-video-preview:-1\" \/>\n<link rel=\"canonical\" href=\"https:\/\/kanacec.com\/index.php\/politica-privacidad\/\" \/>\n<meta property=\"og:locale\" content=\"en_US\" \/>\n<meta property=\"og:type\" content=\"article\" \/>\n<meta property=\"og:title\" content=\"POL\u00cdTICAS DE PRIVACIDAD - kanacec.com\" \/>\n<meta property=\"og:description\" content=\"Somos respetuosos de los datos personales e informaci\u00f3n que suministran nuestros clientes.&nbsp; La adquisici\u00f3n de los productos y servicios ofrecidos en alguno de nuestros puntos de venta o sitio virtual (en adelante, los Productos y Servicios) y\/o la aceptaci\u00f3n expresa o inequ\u00edvoca de las siguientes Pol\u00edtica de Privacidad y su autorizaci\u00f3n para los usos y [&hellip;]\" \/>\n<meta property=\"og:url\" content=\"https:\/\/kanacec.com\/index.php\/politica-privacidad\/\" \/>\n<meta property=\"og:site_name\" content=\"kanacec.com\" \/>\n<meta property=\"article:modified_time\" content=\"2023-05-31T00:46:20+00:00\" \/>\n<meta name=\"twitter:card\" content=\"summary_large_image\" \/>\n<meta name=\"twitter:label1\" content=\"Est. reading time\" \/>\n\t<meta name=\"twitter:data1\" content=\"2 minutes\" \/>\n<script type=\"application\/ld+json\" class=\"yoast-schema-graph\">{\"@context\":\"https:\/\/schema.org\",\"@graph\":[{\"@type\":\"WebPage\",\"@id\":\"https:\/\/kanacec.com\/index.php\/politica-privacidad\/\",\"url\":\"https:\/\/kanacec.com\/index.php\/politica-privacidad\/\",\"name\":\"POL\u00cdTICAS DE PRIVACIDAD - kanacec.com\",\"isPartOf\":{\"@id\":\"https:\/\/kanacec.com\/#website\"},\"datePublished\":\"2023-05-23T21:33:10+00:00\",\"dateModified\":\"2023-05-31T00:46:20+00:00\",\"breadcrumb\":{\"@id\":\"https:\/\/kanacec.com\/index.php\/politica-privacidad\/#breadcrumb\"},\"inLanguage\":\"en-US\",\"potentialAction\":[{\"@type\":\"ReadAction\",\"target\":[\"https:\/\/kanacec.com\/index.php\/politica-privacidad\/\"]}]},{\"@type\":\"BreadcrumbList\",\"@id\":\"https:\/\/kanacec.com\/index.php\/politica-privacidad\/#breadcrumb\",\"itemListElement\":[{\"@type\":\"ListItem\",\"position\":1,\"name\":\"Inicio\",\"item\":\"https:\/\/kanacec.com\/\"},{\"@type\":\"ListItem\",\"position\":2,\"name\":\"POL\u00cdTICAS DE PRIVACIDAD\"}]},{\"@type\":\"WebSite\",\"@id\":\"https:\/\/kanacec.com\/#website\",\"url\":\"https:\/\/kanacec.com\/\",\"name\":\"kanacec.com\",\"description\":\"\",\"publisher\":{\"@id\":\"https:\/\/kanacec.com\/#organization\"},\"potentialAction\":[{\"@type\":\"SearchAction\",\"target\":{\"@type\":\"EntryPoint\",\"urlTemplate\":\"https:\/\/kanacec.com\/?s={search_term_string}\"},\"query-input\":\"required name=search_term_string\"}],\"inLanguage\":\"en-US\"},{\"@type\":\"Organization\",\"@id\":\"https:\/\/kanacec.com\/#organization\",\"name\":\"kanacec.com\",\"url\":\"https:\/\/kanacec.com\/\",\"logo\":{\"@type\":\"ImageObject\",\"inLanguage\":\"en-US\",\"@id\":\"https:\/\/kanacec.com\/#\/schema\/logo\/image\/\",\"url\":\"https:\/\/kanacec.com\/wp-content\/uploads\/2023\/05\/logo-letras-blancas_Mesa-de-trabajo-1.png\",\"contentUrl\":\"https:\/\/kanacec.com\/wp-content\/uploads\/2023\/05\/logo-letras-blancas_Mesa-de-trabajo-1.png\",\"width\":750,\"height\":250,\"caption\":\"kanacec.com\"},\"image\":{\"@id\":\"https:\/\/kanacec.com\/#\/schema\/logo\/image\/\"}}]}<\/script>\n<!-- \/ Yoast SEO plugin. -->","yoast_head_json":{"title":"POL\u00cdTICAS DE PRIVACIDAD - kanacec.com","robots":{"index":"index","follow":"follow","max-snippet":"max-snippet:-1","max-image-preview":"max-image-preview:large","max-video-preview":"max-video-preview:-1"},"canonical":"https:\/\/kanacec.com\/index.php\/politica-privacidad\/","og_locale":"en_US","og_type":"article","og_title":"POL\u00cdTICAS DE PRIVACIDAD - kanacec.com","og_description":"Somos respetuosos de los datos personales e informaci\u00f3n que suministran nuestros clientes.&nbsp; La adquisici\u00f3n de los productos y servicios ofrecidos en alguno de nuestros puntos de venta o sitio virtual (en adelante, los Productos y Servicios) y\/o la aceptaci\u00f3n expresa o inequ\u00edvoca de las siguientes Pol\u00edtica de Privacidad y su autorizaci\u00f3n para los usos y [&hellip;]","og_url":"https:\/\/kanacec.com\/index.php\/politica-privacidad\/","og_site_name":"kanacec.com","article_modified_time":"2023-05-31T00:46:20+00:00","twitter_card":"summary_large_image","twitter_misc":{"Est. reading time":"2 minutes"},"schema":{"@context":"https:\/\/schema.org","@graph":[{"@type":"WebPage","@id":"https:\/\/kanacec.com\/index.php\/politica-privacidad\/","url":"https:\/\/kanacec.com\/index.php\/politica-privacidad\/","name":"POL\u00cdTICAS DE PRIVACIDAD - kanacec.com","isPartOf":{"@id":"https:\/\/kanacec.com\/#website"},"datePublished":"2023-05-23T21:33:10+00:00","dateModified":"2023-05-31T00:46:20+00:00","breadcrumb":{"@id":"https:\/\/kanacec.com\/index.php\/politica-privacidad\/#breadcrumb"},"inLanguage":"en-US","potentialAction":[{"@type":"ReadAction","target":["https:\/\/kanacec.com\/index.php\/politica-privacidad\/"]}]},{"@type":"BreadcrumbList","@id":"https:\/\/kanacec.com\/index.php\/politica-privacidad\/#breadcrumb","itemListElement":[{"@type":"ListItem","position":1,"name":"Inicio","item":"https:\/\/kanacec.com\/"},{"@type":"ListItem","position":2,"name":"POL\u00cdTICAS DE PRIVACIDAD"}]},{"@type":"WebSite","@id":"https:\/\/kanacec.com\/#website","url":"https:\/\/kanacec.com\/","name":"kanacec.com","description":"","publisher":{"@id":"https:\/\/kanacec.com\/#organization"},"potentialAction":[{"@type":"SearchAction","target":{"@type":"EntryPoint","urlTemplate":"https:\/\/kanacec.com\/?s={search_term_string}"},"query-input":"required name=search_term_string"}],"inLanguage":"en-US"},{"@type":"Organization","@id":"https:\/\/kanacec.com\/#organization","name":"kanacec.com","url":"https:\/\/kanacec.com\/","logo":{"@type":"ImageObject","inLanguage":"en-US","@id":"https:\/\/kanacec.com\/#\/schema\/logo\/image\/","url":"https:\/\/kanacec.com\/wp-content\/uploads\/2023\/05\/logo-letras-blancas_Mesa-de-trabajo-1.png","contentUrl":"https:\/\/kanacec.com\/wp-content\/uploads\/2023\/05\/logo-letras-blancas_Mesa-de-trabajo-1.png","width":750,"height":250,"caption":"kanacec.com"},"image":{"@id":"https:\/\/kanacec.com\/#\/schema\/logo\/image\/"}}]}},"uagb_featured_image_src":{"full":false,"thumbnail":false,"medium":false,"medium_large":false,"large":false,"1536x1536":false,"2048x2048":false,"woocommerce_thumbnail":false,"woocommerce_single":false,"woocommerce_gallery_thumbnail":false},"uagb_author_info":{"display_name":"JUAN","author_link":"https:\/\/kanacec.com\/index.php\/author\/ohshopgmail-com\/"},"uagb_comment_info":0,"uagb_excerpt":"Somos respetuosos de los datos personales e informaci\u00f3n que suministran nuestros clientes.&nbsp; La adquisici\u00f3n de los productos y servicios ofrecidos en alguno de nuestros puntos de venta o sitio virtual (en adelante, los Productos y Servicios) y\/o la aceptaci\u00f3n expresa o inequ\u00edvoca de las siguientes Pol\u00edtica de Privacidad y su autorizaci\u00f3n para los usos y&hellip;","_links":{"self":[{"href":"https:\/\/kanacec.com\/index.php\/wp-json\/wp\/v2\/pages\/3","targetHints":{"allow":["GET"]}}],"collection":[{"href":"https:\/\/kanacec.com\/index.php\/wp-json\/wp\/v2\/pages"}],"about":[{"href":"https:\/\/kanacec.com\/index.php\/wp-json\/wp\/v2\/types\/page"}],"author":[{"embeddable":true,"href":"https:\/\/kanacec.com\/index.php\/wp-json\/wp\/v2\/users\/1"}],"replies":[{"embeddable":true,"href":"https:\/\/kanacec.com\/index.php\/wp-json\/wp\/v2\/comments?post=3"}],"version-history":[{"count":4,"href":"https:\/\/kanacec.com\/index.php\/wp-json\/wp\/v2\/pages\/3\/revisions"}],"predecessor-version":[{"id":2305,"href":"https:\/\/kanacec.com\/index.php\/wp-json\/wp\/v2\/pages\/3\/revisions\/2305"}],"wp:attachment":[{"href":"https:\/\/kanacec.com\/index.php\/wp-json\/wp\/v2\/media?parent=3"}],"curies":[{"name":"wp","href":"https:\/\/api.w.org\/{rel}","templated":true}]}}