{"id":2065,"date":"2023-05-25T22:39:30","date_gmt":"2023-05-26T03:39:30","guid":{"rendered":"https:\/\/kanacec.com\/?page_id=2065"},"modified":"2023-10-10T12:08:42","modified_gmt":"2023-10-10T17:08:42","slug":"politicas-de-envio-y-devolucion","status":"publish","type":"page","link":"https:\/\/kanacec.com\/index.php\/politicas-de-envio-y-devolucion\/","title":{"rendered":"POLITICAS DE ENV\u00cdO Y DEVOLUCI\u00d3N"},"content":{"rendered":"\n<p><strong>Pol\u00edticas de env\u00edo<\/strong><\/p>\n\n\n\n<p>Tenemos cobertura en todo el Ecuador<\/p>\n\n\n\n<p>Los env\u00edos mediante la empresa de log\u00edstica &#8220;Servientrega Ecuador&#8221; tiene un valor extra de $5.50 hacia todas las ciudades y $ 2.50 en la ciudad de Quito.<\/p>\n\n\n\n<p>Los env\u00edos a trav\u00e9s de &#8220;Servientrega Ecuador&#8221; se despachan a las 16 :00 de lunes a viernes.<\/p>\n\n\n\n<p>El tiempo de demora de env\u00edo a todas las ciudades es de 1 a 2 d\u00edas h\u00e1biles.<\/p>\n\n\n\n<p><strong>Pol\u00edticas de devoluci\u00f3n<\/strong><\/p>\n\n\n\n<p>Nuestra pol\u00edtica tiene una duraci\u00f3n de 5 d\u00edas. Si han pasado 5 d\u00edas desde su compra, lamentablemente no podemos ofrecerle un reembolso o cambio.<\/p>\n\n\n\n<p>&nbsp;Para ser elegible para una devoluci\u00f3n, su art\u00edculo debe estar sin usar y en las mismas condiciones en que lo recibi\u00f3. Tambi\u00e9n debe estar en el embalaje original.<\/p>\n\n\n\n<p>Usted ser\u00e1 responsable de pagar sus propios costos de env\u00edo para devolver su art\u00edculo. Los gastos de env\u00edo no son reembolsables.&nbsp;<\/p>\n\n\n\n<p>Puedes contactarnos a trav\u00e9s de nuestros canales digitales para solventar todas las inquietudes.<\/p>\n\n\n\n<p><strong>Art\u00edculos en promoci\u00f3n o descuentos&nbsp;<\/strong><\/p>\n\n\n\n<p>Solo se pueden reembolsar los art\u00edculos de precio regular, lamentablemente los art\u00edculos en oferta no se pueden reembolsar ni cambiar.<\/p>\n","protected":false},"excerpt":{"rendered":"<p>Pol\u00edticas de env\u00edo Tenemos cobertura en todo el Ecuador Los env\u00edos mediante la empresa de log\u00edstica &#8220;Servientrega Ecuador&#8221; tiene un valor extra de $5.50 hacia todas las ciudades y $ 2.50 en la ciudad de Quito. Los env\u00edos a trav\u00e9s de &#8220;Servientrega Ecuador&#8221; se despachan a las 16 :00 de lunes a viernes. El tiempo [&hellip;]<\/p>\n","protected":false},"author":1,"featured_media":0,"parent":0,"menu_order":0,"comment_status":"closed","ping_status":"closed","template":"","meta":{"_uag_custom_page_level_css":"","site-sidebar-layout":"default","site-content-layout":"","ast-site-content-layout":"default","site-content-style":"default","site-sidebar-style":"default","ast-global-header-display":"","ast-banner-title-visibility":"","ast-main-header-display":"","ast-hfb-above-header-display":"","ast-hfb-below-header-display":"","ast-hfb-mobile-header-display":"","site-post-title":"","ast-breadcrumbs-content":"","ast-featured-img":"","footer-sml-layout":"","theme-transparent-header-meta":"","adv-header-id-meta":"","stick-header-meta":"","header-above-stick-meta":"","header-main-stick-meta":"","header-below-stick-meta":"","astra-migrate-meta-layouts":"default","ast-page-background-enabled":"default","ast-page-background-meta":{"desktop":{"background-color":"var(--ast-global-color-4)","background-image":"","background-repeat":"repeat","background-position":"center center","background-size":"auto","background-attachment":"scroll","background-type":"","background-media":"","overlay-type":"","overlay-color":"","overlay-opacity":"","overlay-gradient":""},"tablet":{"background-color":"","background-image":"","background-repeat":"repeat","background-position":"center center","background-size":"auto","background-attachment":"scroll","background-type":"","background-media":"","overlay-type":"","overlay-color":"","overlay-opacity":"","overlay-gradient":""},"mobile":{"background-color":"","background-image":"","background-repeat":"repeat","background-position":"center center","background-size":"auto","background-attachment":"scroll","background-type":"","background-media":"","overlay-type":"","overlay-color":"","overlay-opacity":"","overlay-gradient":""}},"ast-content-background-meta":{"desktop":{"background-color":"var(--ast-global-color-5)","background-image":"","background-repeat":"repeat","background-position":"center center","background-size":"auto","background-attachment":"scroll","background-type":"","background-media":"","overlay-type":"","overlay-color":"","overlay-opacity":"","overlay-gradient":""},"tablet":{"background-color":"var(--ast-global-color-5)","background-image":"","background-repeat":"repeat","background-position":"center center","background-size":"auto","background-attachment":"scroll","background-type":"","background-media":"","overlay-type":"","overlay-color":"","overlay-opacity":"","overlay-gradient":""},"mobile":{"background-color":"var(--ast-global-color-5)","background-image":"","background-repeat":"repeat","background-position":"center center","background-size":"auto","background-attachment":"scroll","background-type":"","background-media":"","overlay-type":"","overlay-color":"","overlay-opacity":"","overlay-gradient":""}},"footnotes":""},"class_list":["post-2065","page","type-page","status-publish","hentry"],"yoast_head":"<!-- This site is optimized with the Yoast SEO plugin v20.8 - https:\/\/yoast.com\/wordpress\/plugins\/seo\/ -->\n<title>POLITICAS DE ENV\u00cdO Y DEVOLUCI\u00d3N - kanacec.com<\/title>\n<meta name=\"robots\" content=\"index, follow, max-snippet:-1, max-image-preview:large, max-video-preview:-1\" \/>\n<link rel=\"canonical\" href=\"https:\/\/kanacec.com\/index.php\/politicas-de-envio-y-devolucion\/\" \/>\n<meta property=\"og:locale\" content=\"en_US\" \/>\n<meta property=\"og:type\" content=\"article\" \/>\n<meta property=\"og:title\" content=\"POLITICAS DE ENV\u00cdO Y DEVOLUCI\u00d3N - kanacec.com\" \/>\n<meta property=\"og:description\" content=\"Pol\u00edticas de env\u00edo Tenemos cobertura en todo el Ecuador Los env\u00edos mediante la empresa de log\u00edstica &#8220;Servientrega Ecuador&#8221; tiene un valor extra de $5.50 hacia todas las ciudades y $ 2.50 en la ciudad de Quito. Los env\u00edos a trav\u00e9s de &#8220;Servientrega Ecuador&#8221; se despachan a las 16 :00 de lunes a viernes. El tiempo [&hellip;]\" \/>\n<meta property=\"og:url\" content=\"https:\/\/kanacec.com\/index.php\/politicas-de-envio-y-devolucion\/\" \/>\n<meta property=\"og:site_name\" content=\"kanacec.com\" \/>\n<meta property=\"article:modified_time\" content=\"2023-10-10T17:08:42+00:00\" \/>\n<meta name=\"twitter:card\" content=\"summary_large_image\" \/>\n<meta name=\"twitter:label1\" content=\"Est. reading time\" \/>\n\t<meta name=\"twitter:data1\" content=\"1 minute\" \/>\n<script type=\"application\/ld+json\" class=\"yoast-schema-graph\">{\"@context\":\"https:\/\/schema.org\",\"@graph\":[{\"@type\":\"WebPage\",\"@id\":\"https:\/\/kanacec.com\/index.php\/politicas-de-envio-y-devolucion\/\",\"url\":\"https:\/\/kanacec.com\/index.php\/politicas-de-envio-y-devolucion\/\",\"name\":\"POLITICAS DE ENV\u00cdO Y DEVOLUCI\u00d3N - kanacec.com\",\"isPartOf\":{\"@id\":\"https:\/\/kanacec.com\/#website\"},\"datePublished\":\"2023-05-26T03:39:30+00:00\",\"dateModified\":\"2023-10-10T17:08:42+00:00\",\"breadcrumb\":{\"@id\":\"https:\/\/kanacec.com\/index.php\/politicas-de-envio-y-devolucion\/#breadcrumb\"},\"inLanguage\":\"en-US\",\"potentialAction\":[{\"@type\":\"ReadAction\",\"target\":[\"https:\/\/kanacec.com\/index.php\/politicas-de-envio-y-devolucion\/\"]}]},{\"@type\":\"BreadcrumbList\",\"@id\":\"https:\/\/kanacec.com\/index.php\/politicas-de-envio-y-devolucion\/#breadcrumb\",\"itemListElement\":[{\"@type\":\"ListItem\",\"position\":1,\"name\":\"Inicio\",\"item\":\"https:\/\/kanacec.com\/\"},{\"@type\":\"ListItem\",\"position\":2,\"name\":\"POLITICAS DE ENV\u00cdO Y DEVOLUCI\u00d3N\"}]},{\"@type\":\"WebSite\",\"@id\":\"https:\/\/kanacec.com\/#website\",\"url\":\"https:\/\/kanacec.com\/\",\"name\":\"kanacec.com\",\"description\":\"\",\"publisher\":{\"@id\":\"https:\/\/kanacec.com\/#organization\"},\"potentialAction\":[{\"@type\":\"SearchAction\",\"target\":{\"@type\":\"EntryPoint\",\"urlTemplate\":\"https:\/\/kanacec.com\/?s={search_term_string}\"},\"query-input\":\"required name=search_term_string\"}],\"inLanguage\":\"en-US\"},{\"@type\":\"Organization\",\"@id\":\"https:\/\/kanacec.com\/#organization\",\"name\":\"kanacec.com\",\"url\":\"https:\/\/kanacec.com\/\",\"logo\":{\"@type\":\"ImageObject\",\"inLanguage\":\"en-US\",\"@id\":\"https:\/\/kanacec.com\/#\/schema\/logo\/image\/\",\"url\":\"https:\/\/kanacec.com\/wp-content\/uploads\/2023\/05\/logo-letras-blancas_Mesa-de-trabajo-1.png\",\"contentUrl\":\"https:\/\/kanacec.com\/wp-content\/uploads\/2023\/05\/logo-letras-blancas_Mesa-de-trabajo-1.png\",\"width\":750,\"height\":250,\"caption\":\"kanacec.com\"},\"image\":{\"@id\":\"https:\/\/kanacec.com\/#\/schema\/logo\/image\/\"}}]}<\/script>\n<!-- \/ Yoast SEO plugin. -->","yoast_head_json":{"title":"POLITICAS DE ENV\u00cdO Y DEVOLUCI\u00d3N - kanacec.com","robots":{"index":"index","follow":"follow","max-snippet":"max-snippet:-1","max-image-preview":"max-image-preview:large","max-video-preview":"max-video-preview:-1"},"canonical":"https:\/\/kanacec.com\/index.php\/politicas-de-envio-y-devolucion\/","og_locale":"en_US","og_type":"article","og_title":"POLITICAS DE ENV\u00cdO Y DEVOLUCI\u00d3N - kanacec.com","og_description":"Pol\u00edticas de env\u00edo Tenemos cobertura en todo el Ecuador Los env\u00edos mediante la empresa de log\u00edstica &#8220;Servientrega Ecuador&#8221; tiene un valor extra de $5.50 hacia todas las ciudades y $ 2.50 en la ciudad de Quito. Los env\u00edos a trav\u00e9s de &#8220;Servientrega Ecuador&#8221; se despachan a las 16 :00 de lunes a viernes. El tiempo [&hellip;]","og_url":"https:\/\/kanacec.com\/index.php\/politicas-de-envio-y-devolucion\/","og_site_name":"kanacec.com","article_modified_time":"2023-10-10T17:08:42+00:00","twitter_card":"summary_large_image","twitter_misc":{"Est. reading time":"1 minute"},"schema":{"@context":"https:\/\/schema.org","@graph":[{"@type":"WebPage","@id":"https:\/\/kanacec.com\/index.php\/politicas-de-envio-y-devolucion\/","url":"https:\/\/kanacec.com\/index.php\/politicas-de-envio-y-devolucion\/","name":"POLITICAS DE ENV\u00cdO Y DEVOLUCI\u00d3N - kanacec.com","isPartOf":{"@id":"https:\/\/kanacec.com\/#website"},"datePublished":"2023-05-26T03:39:30+00:00","dateModified":"2023-10-10T17:08:42+00:00","breadcrumb":{"@id":"https:\/\/kanacec.com\/index.php\/politicas-de-envio-y-devolucion\/#breadcrumb"},"inLanguage":"en-US","potentialAction":[{"@type":"ReadAction","target":["https:\/\/kanacec.com\/index.php\/politicas-de-envio-y-devolucion\/"]}]},{"@type":"BreadcrumbList","@id":"https:\/\/kanacec.com\/index.php\/politicas-de-envio-y-devolucion\/#breadcrumb","itemListElement":[{"@type":"ListItem","position":1,"name":"Inicio","item":"https:\/\/kanacec.com\/"},{"@type":"ListItem","position":2,"name":"POLITICAS DE ENV\u00cdO Y DEVOLUCI\u00d3N"}]},{"@type":"WebSite","@id":"https:\/\/kanacec.com\/#website","url":"https:\/\/kanacec.com\/","name":"kanacec.com","description":"","publisher":{"@id":"https:\/\/kanacec.com\/#organization"},"potentialAction":[{"@type":"SearchAction","target":{"@type":"EntryPoint","urlTemplate":"https:\/\/kanacec.com\/?s={search_term_string}"},"query-input":"required name=search_term_string"}],"inLanguage":"en-US"},{"@type":"Organization","@id":"https:\/\/kanacec.com\/#organization","name":"kanacec.com","url":"https:\/\/kanacec.com\/","logo":{"@type":"ImageObject","inLanguage":"en-US","@id":"https:\/\/kanacec.com\/#\/schema\/logo\/image\/","url":"https:\/\/kanacec.com\/wp-content\/uploads\/2023\/05\/logo-letras-blancas_Mesa-de-trabajo-1.png","contentUrl":"https:\/\/kanacec.com\/wp-content\/uploads\/2023\/05\/logo-letras-blancas_Mesa-de-trabajo-1.png","width":750,"height":250,"caption":"kanacec.com"},"image":{"@id":"https:\/\/kanacec.com\/#\/schema\/logo\/image\/"}}]}},"uagb_featured_image_src":{"full":false,"thumbnail":false,"medium":false,"medium_large":false,"large":false,"1536x1536":false,"2048x2048":false,"woocommerce_thumbnail":false,"woocommerce_single":false,"woocommerce_gallery_thumbnail":false},"uagb_author_info":{"display_name":"JUAN","author_link":"https:\/\/kanacec.com\/index.php\/author\/ohshopgmail-com\/"},"uagb_comment_info":0,"uagb_excerpt":"Pol\u00edticas de env\u00edo Tenemos cobertura en todo el Ecuador Los env\u00edos mediante la empresa de log\u00edstica &#8220;Servientrega Ecuador&#8221; tiene un valor extra de $5.50 hacia todas las ciudades y $ 2.50 en la ciudad de Quito. Los env\u00edos a trav\u00e9s de &#8220;Servientrega Ecuador&#8221; se despachan a las 16 :00 de lunes a viernes. El tiempo&hellip;","_links":{"self":[{"href":"https:\/\/kanacec.com\/index.php\/wp-json\/wp\/v2\/pages\/2065","targetHints":{"allow":["GET"]}}],"collection":[{"href":"https:\/\/kanacec.com\/index.php\/wp-json\/wp\/v2\/pages"}],"about":[{"href":"https:\/\/kanacec.com\/index.php\/wp-json\/wp\/v2\/types\/page"}],"author":[{"embeddable":true,"href":"https:\/\/kanacec.com\/index.php\/wp-json\/wp\/v2\/users\/1"}],"replies":[{"embeddable":true,"href":"https:\/\/kanacec.com\/index.php\/wp-json\/wp\/v2\/comments?post=2065"}],"version-history":[{"count":4,"href":"https:\/\/kanacec.com\/index.php\/wp-json\/wp\/v2\/pages\/2065\/revisions"}],"predecessor-version":[{"id":2602,"href":"https:\/\/kanacec.com\/index.php\/wp-json\/wp\/v2\/pages\/2065\/revisions\/2602"}],"wp:attachment":[{"href":"https:\/\/kanacec.com\/index.php\/wp-json\/wp\/v2\/media?parent=2065"}],"curies":[{"name":"wp","href":"https:\/\/api.w.org\/{rel}","templated":true}]}}